{"id":26,"date":"2026-02-19T20:31:46","date_gmt":"2026-02-19T19:31:46","guid":{"rendered":"https:\/\/eventsland.ma\/?page_id=26"},"modified":"2026-03-02T23:00:34","modified_gmt":"2026-03-02T22:00:34","slug":"industrie-publicitaire","status":"publish","type":"page","link":"https:\/\/eventsland.ma\/index.php\/industrie-publicitaire\/","title":{"rendered":"Industrie publicitaire"},"content":{"rendered":"\n<h3 class=\"wp-block-heading\">Au service de vos \u00e9v\u00e9nements<\/h3>\n\n\n\n<p>La publicit\u00e9 est un \u00e9l\u00e9ment constitutif du mix et des strat\u00e9gies marketing. Comment briser le mur de l\u2019indiff\u00e9rence autour des marques. Comment jeter un regard diff\u00e9rent sur des produits souvent connus, banalis\u00e9s et des codes publicitaires d\u00e9j\u00e0 bien \u00e9tablis. Comment \u00e9merger et d\u00e9velopper un territoire d\u2019expression qui vous correspond pleinement.<\/p>\n\n\n\n<p>L\u2019agence Event\u2019s land mobilise ses talents cr\u00e9atifs pour donner \u00e0 vos message la force et l\u2019impact n\u00e9cessaire pour produire des r\u00e9sultats.<\/p>\n\n\n\n<h3 class=\"wp-block-heading\">Nos savoir-faire<\/h3>\n\n\n\n<p>Management de projet, Gestion de l\u2019h\u00e9bergement, Transport, Restauration, Signal\u00e9tique, Ventes et Montage des espaces d\u2019exposition, Marketing &amp; Communication, objets publicitaires, Elaboration de programme de conf\u00e9rence \u00e0 forte valeur ajout\u00e9e\u2026<\/p>\n","protected":false},"excerpt":{"rendered":"<p>Au service de vos \u00e9v\u00e9nements La publicit\u00e9 est un \u00e9l\u00e9ment constitutif du mix et des strat\u00e9gies marketing. Comment briser le [&hellip;]<\/p>\n","protected":false},"author":1,"featured_media":0,"parent":0,"menu_order":0,"comment_status":"closed","ping_status":"closed","template":"","meta":{"site-sidebar-layout":"default","site-content-layout":"","ast-site-content-layout":"default","site-content-style":"default","site-sidebar-style":"default","ast-global-header-display":"","ast-banner-title-visibility":"","ast-main-header-display":"","ast-hfb-above-header-display":"","ast-hfb-below-header-display":"","ast-hfb-mobile-header-display":"","site-post-title":"","ast-breadcrumbs-content":"","ast-featured-img":"","footer-sml-layout":"","ast-disable-related-posts":"","theme-transparent-header-meta":"","adv-header-id-meta":"","stick-header-meta":"","header-above-stick-meta":"","header-main-stick-meta":"","header-below-stick-meta":"","astra-migrate-meta-layouts":"default","ast-page-background-enabled":"default","ast-page-background-meta":{"desktop":{"background-color":"var(--ast-global-color-5)","background-image":"","background-repeat":"repeat","background-position":"center center","background-size":"auto","background-attachment":"scroll","background-type":"","background-media":"","overlay-type":"","overlay-color":"","overlay-opacity":"","overlay-gradient":""},"tablet":{"background-color":"","background-image":"","background-repeat":"repeat","background-position":"center center","background-size":"auto","background-attachment":"scroll","background-type":"","background-media":"","overlay-type":"","overlay-color":"","overlay-opacity":"","overlay-gradient":""},"mobile":{"background-color":"","background-image":"","background-repeat":"repeat","background-position":"center center","background-size":"auto","background-attachment":"scroll","background-type":"","background-media":"","overlay-type":"","overlay-color":"","overlay-opacity":"","overlay-gradient":""}},"ast-content-background-meta":{"desktop":{"background-color":"var(--ast-global-color-4)","background-image":"","background-repeat":"repeat","background-position":"center center","background-size":"auto","background-attachment":"scroll","background-type":"","background-media":"","overlay-type":"","overlay-color":"","overlay-opacity":"","overlay-gradient":""},"tablet":{"background-color":"var(--ast-global-color-4)","background-image":"","background-repeat":"repeat","background-position":"center center","background-size":"auto","background-attachment":"scroll","background-type":"","background-media":"","overlay-type":"","overlay-color":"","overlay-opacity":"","overlay-gradient":""},"mobile":{"background-color":"var(--ast-global-color-4)","background-image":"","background-repeat":"repeat","background-position":"center center","background-size":"auto","background-attachment":"scroll","background-type":"","background-media":"","overlay-type":"","overlay-color":"","overlay-opacity":"","overlay-gradient":""}},"footnotes":""},"class_list":["post-26","page","type-page","status-publish","hentry"],"yoast_head":"<!-- This site is optimized with the Yoast SEO plugin v27.2 - https:\/\/yoast.com\/product\/yoast-seo-wordpress\/ -->\n<title>Industrie publicitaire -<\/title>\n<meta name=\"robots\" content=\"index, follow, max-snippet:-1, max-image-preview:large, max-video-preview:-1\" \/>\n<link rel=\"canonical\" href=\"https:\/\/eventsland.ma\/index.php\/industrie-publicitaire\/\" \/>\n<meta property=\"og:locale\" content=\"fr_FR\" \/>\n<meta property=\"og:type\" content=\"article\" \/>\n<meta property=\"og:title\" content=\"Industrie publicitaire -\" \/>\n<meta property=\"og:description\" content=\"Au service de vos \u00e9v\u00e9nements La publicit\u00e9 est un \u00e9l\u00e9ment constitutif du mix et des strat\u00e9gies marketing. Comment briser le [&hellip;]\" \/>\n<meta property=\"og:url\" content=\"https:\/\/eventsland.ma\/index.php\/industrie-publicitaire\/\" \/>\n<meta property=\"article:modified_time\" content=\"2026-03-02T22:00:34+00:00\" \/>\n<meta name=\"twitter:card\" content=\"summary_large_image\" \/>\n<meta name=\"twitter:label1\" content=\"Dur\u00e9e de lecture estim\u00e9e\" \/>\n\t<meta name=\"twitter:data1\" content=\"1 minute\" \/>\n<script type=\"application\/ld+json\" class=\"yoast-schema-graph\">{\"@context\":\"https:\/\/schema.org\",\"@graph\":[{\"@type\":\"WebPage\",\"@id\":\"https:\/\/eventsland.ma\/index.php\/industrie-publicitaire\/\",\"url\":\"https:\/\/eventsland.ma\/index.php\/industrie-publicitaire\/\",\"name\":\"Industrie publicitaire -\",\"isPartOf\":{\"@id\":\"https:\/\/eventsland.ma\/#website\"},\"datePublished\":\"2026-02-19T19:31:46+00:00\",\"dateModified\":\"2026-03-02T22:00:34+00:00\",\"breadcrumb\":{\"@id\":\"https:\/\/eventsland.ma\/index.php\/industrie-publicitaire\/#breadcrumb\"},\"inLanguage\":\"fr-FR\",\"potentialAction\":[{\"@type\":\"ReadAction\",\"target\":[\"https:\/\/eventsland.ma\/index.php\/industrie-publicitaire\/\"]}]},{\"@type\":\"BreadcrumbList\",\"@id\":\"https:\/\/eventsland.ma\/index.php\/industrie-publicitaire\/#breadcrumb\",\"itemListElement\":[{\"@type\":\"ListItem\",\"position\":1,\"name\":\"Accueil\",\"item\":\"https:\/\/eventsland.ma\/\"},{\"@type\":\"ListItem\",\"position\":2,\"name\":\"Industrie publicitaire\"}]},{\"@type\":\"WebSite\",\"@id\":\"https:\/\/eventsland.ma\/#website\",\"url\":\"https:\/\/eventsland.ma\/\",\"name\":\"\",\"description\":\"Event&#039;s Land Agency\",\"potentialAction\":[{\"@type\":\"SearchAction\",\"target\":{\"@type\":\"EntryPoint\",\"urlTemplate\":\"https:\/\/eventsland.ma\/?s={search_term_string}\"},\"query-input\":{\"@type\":\"PropertyValueSpecification\",\"valueRequired\":true,\"valueName\":\"search_term_string\"}}],\"inLanguage\":\"fr-FR\"}]}<\/script>\n<!-- \/ Yoast SEO plugin. -->","yoast_head_json":{"title":"Industrie publicitaire -","robots":{"index":"index","follow":"follow","max-snippet":"max-snippet:-1","max-image-preview":"max-image-preview:large","max-video-preview":"max-video-preview:-1"},"canonical":"https:\/\/eventsland.ma\/index.php\/industrie-publicitaire\/","og_locale":"fr_FR","og_type":"article","og_title":"Industrie publicitaire -","og_description":"Au service de vos \u00e9v\u00e9nements La publicit\u00e9 est un \u00e9l\u00e9ment constitutif du mix et des strat\u00e9gies marketing. Comment briser le [&hellip;]","og_url":"https:\/\/eventsland.ma\/index.php\/industrie-publicitaire\/","article_modified_time":"2026-03-02T22:00:34+00:00","twitter_card":"summary_large_image","twitter_misc":{"Dur\u00e9e de lecture estim\u00e9e":"1 minute"},"schema":{"@context":"https:\/\/schema.org","@graph":[{"@type":"WebPage","@id":"https:\/\/eventsland.ma\/index.php\/industrie-publicitaire\/","url":"https:\/\/eventsland.ma\/index.php\/industrie-publicitaire\/","name":"Industrie publicitaire -","isPartOf":{"@id":"https:\/\/eventsland.ma\/#website"},"datePublished":"2026-02-19T19:31:46+00:00","dateModified":"2026-03-02T22:00:34+00:00","breadcrumb":{"@id":"https:\/\/eventsland.ma\/index.php\/industrie-publicitaire\/#breadcrumb"},"inLanguage":"fr-FR","potentialAction":[{"@type":"ReadAction","target":["https:\/\/eventsland.ma\/index.php\/industrie-publicitaire\/"]}]},{"@type":"BreadcrumbList","@id":"https:\/\/eventsland.ma\/index.php\/industrie-publicitaire\/#breadcrumb","itemListElement":[{"@type":"ListItem","position":1,"name":"Accueil","item":"https:\/\/eventsland.ma\/"},{"@type":"ListItem","position":2,"name":"Industrie publicitaire"}]},{"@type":"WebSite","@id":"https:\/\/eventsland.ma\/#website","url":"https:\/\/eventsland.ma\/","name":"","description":"Event&#039;s Land Agency","potentialAction":[{"@type":"SearchAction","target":{"@type":"EntryPoint","urlTemplate":"https:\/\/eventsland.ma\/?s={search_term_string}"},"query-input":{"@type":"PropertyValueSpecification","valueRequired":true,"valueName":"search_term_string"}}],"inLanguage":"fr-FR"}]}},"_links":{"self":[{"href":"https:\/\/eventsland.ma\/index.php\/wp-json\/wp\/v2\/pages\/26","targetHints":{"allow":["GET"]}}],"collection":[{"href":"https:\/\/eventsland.ma\/index.php\/wp-json\/wp\/v2\/pages"}],"about":[{"href":"https:\/\/eventsland.ma\/index.php\/wp-json\/wp\/v2\/types\/page"}],"author":[{"embeddable":true,"href":"https:\/\/eventsland.ma\/index.php\/wp-json\/wp\/v2\/users\/1"}],"replies":[{"embeddable":true,"href":"https:\/\/eventsland.ma\/index.php\/wp-json\/wp\/v2\/comments?post=26"}],"version-history":[{"count":4,"href":"https:\/\/eventsland.ma\/index.php\/wp-json\/wp\/v2\/pages\/26\/revisions"}],"predecessor-version":[{"id":118,"href":"https:\/\/eventsland.ma\/index.php\/wp-json\/wp\/v2\/pages\/26\/revisions\/118"}],"wp:attachment":[{"href":"https:\/\/eventsland.ma\/index.php\/wp-json\/wp\/v2\/media?parent=26"}],"curies":[{"name":"wp","href":"https:\/\/api.w.org\/{rel}","templated":true}]}}