{"id":24,"date":"2026-02-19T20:31:46","date_gmt":"2026-02-19T19:31:46","guid":{"rendered":"https:\/\/eventsland.ma\/?page_id=24"},"modified":"2026-03-02T23:00:21","modified_gmt":"2026-03-02T22:00:21","slug":"nos-references","status":"publish","type":"page","link":"https:\/\/eventsland.ma\/index.php\/nos-references\/","title":{"rendered":"Nos R\u00e9f\u00e9rences"},"content":{"rendered":"\n<p><\/p>\n\n\n\n<p>Notre agence s\u2019appuie sur un r\u00e9seau solide de partenaires \u00e9v\u00e9nementiels reconnus pour leur professionnalisme. Sp\u00e9cialistes techniques de l\u2019am\u00e9nagement d\u2019espaces \u00e9ph\u00e9m\u00e8res, experts en vid\u00e9o, son et lumi\u00e8re, et cr\u00e9atifs passionn\u00e9s par la d\u00e9coration, ils partagent tous la m\u00eame exigence de qualit\u00e9.<\/p>\n\n\n\n<p>Au fil des ann\u00e9es, notre exp\u00e9rience nous a permis de s\u00e9lectionner des collaborateurs de confiance, avec lesquels nous construisons chaque projet dans un esprit de rigueur, d\u2019innovation et de performance.<\/p>\n\n\n\n<h3 class=\"wp-block-heading\">Une \u00e9quipe engag\u00e9e \u00e0 vos c\u00f4t\u00e9s<\/h3>\n\n\n\n<p>\u00c0 l\u2019\u00e9coute de chacune de vos envies, notre \u00e9quipe met tout son savoir-faire au service de la r\u00e9ussite de votre \u00e9v\u00e9nement. Conseil, coordination, accompagnement : nous sommes disponibles \u00e0 chaque \u00e9tape pour r\u00e9pondre \u00e0 vos besoins et transformer vos id\u00e9es en une exp\u00e9rience m\u00e9morable.<\/p>\n\n\n\n<p>Ils nous ont fait confiance\u2026<\/p>\n\n\n\n<figure class=\"wp-block-image aligncenter size-large is-resized\"><img loading=\"lazy\" decoding=\"async\" width=\"1024\" height=\"756\" src=\"https:\/\/eventsland.ma\/wp-content\/uploads\/2026\/02\/refense-1024x756.png\" alt=\"\" class=\"wp-image-64\" style=\"width:1200px;height:auto\" srcset=\"https:\/\/eventsland.ma\/wp-content\/uploads\/2026\/02\/refense-1024x756.png 1024w, https:\/\/eventsland.ma\/wp-content\/uploads\/2026\/02\/refense-300x222.png 300w, https:\/\/eventsland.ma\/wp-content\/uploads\/2026\/02\/refense-768x567.png 768w, https:\/\/eventsland.ma\/wp-content\/uploads\/2026\/02\/refense.png 1059w\" sizes=\"auto, (max-width: 1024px) 100vw, 1024px\" \/><\/figure>\n","protected":false},"excerpt":{"rendered":"<p>Notre agence s\u2019appuie sur un r\u00e9seau solide de partenaires \u00e9v\u00e9nementiels reconnus pour leur professionnalisme. Sp\u00e9cialistes techniques de l\u2019am\u00e9nagement d\u2019espaces \u00e9ph\u00e9m\u00e8res, [&hellip;]<\/p>\n","protected":false},"author":1,"featured_media":0,"parent":0,"menu_order":0,"comment_status":"closed","ping_status":"closed","template":"","meta":{"site-sidebar-layout":"default","site-content-layout":"","ast-site-content-layout":"default","site-content-style":"default","site-sidebar-style":"default","ast-global-header-display":"","ast-banner-title-visibility":"","ast-main-header-display":"","ast-hfb-above-header-display":"","ast-hfb-below-header-display":"","ast-hfb-mobile-header-display":"","site-post-title":"","ast-breadcrumbs-content":"","ast-featured-img":"","footer-sml-layout":"","ast-disable-related-posts":"","theme-transparent-header-meta":"","adv-header-id-meta":"","stick-header-meta":"","header-above-stick-meta":"","header-main-stick-meta":"","header-below-stick-meta":"","astra-migrate-meta-layouts":"default","ast-page-background-enabled":"default","ast-page-background-meta":{"desktop":{"background-color":"var(--ast-global-color-5)","background-image":"","background-repeat":"repeat","background-position":"center center","background-size":"auto","background-attachment":"scroll","background-type":"","background-media":"","overlay-type":"","overlay-color":"","overlay-opacity":"","overlay-gradient":""},"tablet":{"background-color":"","background-image":"","background-repeat":"repeat","background-position":"center center","background-size":"auto","background-attachment":"scroll","background-type":"","background-media":"","overlay-type":"","overlay-color":"","overlay-opacity":"","overlay-gradient":""},"mobile":{"background-color":"","background-image":"","background-repeat":"repeat","background-position":"center center","background-size":"auto","background-attachment":"scroll","background-type":"","background-media":"","overlay-type":"","overlay-color":"","overlay-opacity":"","overlay-gradient":""}},"ast-content-background-meta":{"desktop":{"background-color":"var(--ast-global-color-4)","background-image":"","background-repeat":"repeat","background-position":"center center","background-size":"auto","background-attachment":"scroll","background-type":"","background-media":"","overlay-type":"","overlay-color":"","overlay-opacity":"","overlay-gradient":""},"tablet":{"background-color":"var(--ast-global-color-4)","background-image":"","background-repeat":"repeat","background-position":"center center","background-size":"auto","background-attachment":"scroll","background-type":"","background-media":"","overlay-type":"","overlay-color":"","overlay-opacity":"","overlay-gradient":""},"mobile":{"background-color":"var(--ast-global-color-4)","background-image":"","background-repeat":"repeat","background-position":"center center","background-size":"auto","background-attachment":"scroll","background-type":"","background-media":"","overlay-type":"","overlay-color":"","overlay-opacity":"","overlay-gradient":""}},"footnotes":""},"class_list":["post-24","page","type-page","status-publish","hentry"],"yoast_head":"<!-- This site is optimized with the Yoast SEO plugin v27.2 - https:\/\/yoast.com\/product\/yoast-seo-wordpress\/ -->\n<title>Nos R\u00e9f\u00e9rences -<\/title>\n<meta name=\"robots\" content=\"index, follow, max-snippet:-1, max-image-preview:large, max-video-preview:-1\" \/>\n<link rel=\"canonical\" href=\"https:\/\/eventsland.ma\/index.php\/nos-references\/\" \/>\n<meta property=\"og:locale\" content=\"fr_FR\" \/>\n<meta property=\"og:type\" content=\"article\" \/>\n<meta property=\"og:title\" content=\"Nos R\u00e9f\u00e9rences -\" \/>\n<meta property=\"og:description\" content=\"Notre agence s\u2019appuie sur un r\u00e9seau solide de partenaires \u00e9v\u00e9nementiels reconnus pour leur professionnalisme. Sp\u00e9cialistes techniques de l\u2019am\u00e9nagement d\u2019espaces \u00e9ph\u00e9m\u00e8res, [&hellip;]\" \/>\n<meta property=\"og:url\" content=\"https:\/\/eventsland.ma\/index.php\/nos-references\/\" \/>\n<meta property=\"article:modified_time\" content=\"2026-03-02T22:00:21+00:00\" \/>\n<meta property=\"og:image\" content=\"https:\/\/eventsland.ma\/wp-content\/uploads\/2026\/02\/refense.png\" \/>\n\t<meta property=\"og:image:width\" content=\"1059\" \/>\n\t<meta property=\"og:image:height\" content=\"782\" \/>\n\t<meta property=\"og:image:type\" content=\"image\/png\" \/>\n<meta name=\"twitter:card\" content=\"summary_large_image\" \/>\n<meta name=\"twitter:label1\" content=\"Dur\u00e9e de lecture estim\u00e9e\" \/>\n\t<meta name=\"twitter:data1\" content=\"1 minute\" \/>\n<script type=\"application\/ld+json\" class=\"yoast-schema-graph\">{\"@context\":\"https:\/\/schema.org\",\"@graph\":[{\"@type\":\"WebPage\",\"@id\":\"https:\/\/eventsland.ma\/index.php\/nos-references\/\",\"url\":\"https:\/\/eventsland.ma\/index.php\/nos-references\/\",\"name\":\"Nos R\u00e9f\u00e9rences -\",\"isPartOf\":{\"@id\":\"https:\/\/eventsland.ma\/#website\"},\"primaryImageOfPage\":{\"@id\":\"https:\/\/eventsland.ma\/index.php\/nos-references\/#primaryimage\"},\"image\":{\"@id\":\"https:\/\/eventsland.ma\/index.php\/nos-references\/#primaryimage\"},\"thumbnailUrl\":\"https:\/\/eventsland.ma\/wp-content\/uploads\/2026\/02\/refense-1024x756.png\",\"datePublished\":\"2026-02-19T19:31:46+00:00\",\"dateModified\":\"2026-03-02T22:00:21+00:00\",\"breadcrumb\":{\"@id\":\"https:\/\/eventsland.ma\/index.php\/nos-references\/#breadcrumb\"},\"inLanguage\":\"fr-FR\",\"potentialAction\":[{\"@type\":\"ReadAction\",\"target\":[\"https:\/\/eventsland.ma\/index.php\/nos-references\/\"]}]},{\"@type\":\"ImageObject\",\"inLanguage\":\"fr-FR\",\"@id\":\"https:\/\/eventsland.ma\/index.php\/nos-references\/#primaryimage\",\"url\":\"https:\/\/eventsland.ma\/wp-content\/uploads\/2026\/02\/refense.png\",\"contentUrl\":\"https:\/\/eventsland.ma\/wp-content\/uploads\/2026\/02\/refense.png\",\"width\":1059,\"height\":782},{\"@type\":\"BreadcrumbList\",\"@id\":\"https:\/\/eventsland.ma\/index.php\/nos-references\/#breadcrumb\",\"itemListElement\":[{\"@type\":\"ListItem\",\"position\":1,\"name\":\"Accueil\",\"item\":\"https:\/\/eventsland.ma\/\"},{\"@type\":\"ListItem\",\"position\":2,\"name\":\"Nos R\u00e9f\u00e9rences\"}]},{\"@type\":\"WebSite\",\"@id\":\"https:\/\/eventsland.ma\/#website\",\"url\":\"https:\/\/eventsland.ma\/\",\"name\":\"\",\"description\":\"Event&#039;s Land Agency\",\"potentialAction\":[{\"@type\":\"SearchAction\",\"target\":{\"@type\":\"EntryPoint\",\"urlTemplate\":\"https:\/\/eventsland.ma\/?s={search_term_string}\"},\"query-input\":{\"@type\":\"PropertyValueSpecification\",\"valueRequired\":true,\"valueName\":\"search_term_string\"}}],\"inLanguage\":\"fr-FR\"}]}<\/script>\n<!-- \/ Yoast SEO plugin. -->","yoast_head_json":{"title":"Nos R\u00e9f\u00e9rences -","robots":{"index":"index","follow":"follow","max-snippet":"max-snippet:-1","max-image-preview":"max-image-preview:large","max-video-preview":"max-video-preview:-1"},"canonical":"https:\/\/eventsland.ma\/index.php\/nos-references\/","og_locale":"fr_FR","og_type":"article","og_title":"Nos R\u00e9f\u00e9rences -","og_description":"Notre agence s\u2019appuie sur un r\u00e9seau solide de partenaires \u00e9v\u00e9nementiels reconnus pour leur professionnalisme. Sp\u00e9cialistes techniques de l\u2019am\u00e9nagement d\u2019espaces \u00e9ph\u00e9m\u00e8res, [&hellip;]","og_url":"https:\/\/eventsland.ma\/index.php\/nos-references\/","article_modified_time":"2026-03-02T22:00:21+00:00","og_image":[{"width":1059,"height":782,"url":"https:\/\/eventsland.ma\/wp-content\/uploads\/2026\/02\/refense.png","type":"image\/png"}],"twitter_card":"summary_large_image","twitter_misc":{"Dur\u00e9e de lecture estim\u00e9e":"1 minute"},"schema":{"@context":"https:\/\/schema.org","@graph":[{"@type":"WebPage","@id":"https:\/\/eventsland.ma\/index.php\/nos-references\/","url":"https:\/\/eventsland.ma\/index.php\/nos-references\/","name":"Nos R\u00e9f\u00e9rences -","isPartOf":{"@id":"https:\/\/eventsland.ma\/#website"},"primaryImageOfPage":{"@id":"https:\/\/eventsland.ma\/index.php\/nos-references\/#primaryimage"},"image":{"@id":"https:\/\/eventsland.ma\/index.php\/nos-references\/#primaryimage"},"thumbnailUrl":"https:\/\/eventsland.ma\/wp-content\/uploads\/2026\/02\/refense-1024x756.png","datePublished":"2026-02-19T19:31:46+00:00","dateModified":"2026-03-02T22:00:21+00:00","breadcrumb":{"@id":"https:\/\/eventsland.ma\/index.php\/nos-references\/#breadcrumb"},"inLanguage":"fr-FR","potentialAction":[{"@type":"ReadAction","target":["https:\/\/eventsland.ma\/index.php\/nos-references\/"]}]},{"@type":"ImageObject","inLanguage":"fr-FR","@id":"https:\/\/eventsland.ma\/index.php\/nos-references\/#primaryimage","url":"https:\/\/eventsland.ma\/wp-content\/uploads\/2026\/02\/refense.png","contentUrl":"https:\/\/eventsland.ma\/wp-content\/uploads\/2026\/02\/refense.png","width":1059,"height":782},{"@type":"BreadcrumbList","@id":"https:\/\/eventsland.ma\/index.php\/nos-references\/#breadcrumb","itemListElement":[{"@type":"ListItem","position":1,"name":"Accueil","item":"https:\/\/eventsland.ma\/"},{"@type":"ListItem","position":2,"name":"Nos R\u00e9f\u00e9rences"}]},{"@type":"WebSite","@id":"https:\/\/eventsland.ma\/#website","url":"https:\/\/eventsland.ma\/","name":"","description":"Event&#039;s Land Agency","potentialAction":[{"@type":"SearchAction","target":{"@type":"EntryPoint","urlTemplate":"https:\/\/eventsland.ma\/?s={search_term_string}"},"query-input":{"@type":"PropertyValueSpecification","valueRequired":true,"valueName":"search_term_string"}}],"inLanguage":"fr-FR"}]}},"_links":{"self":[{"href":"https:\/\/eventsland.ma\/index.php\/wp-json\/wp\/v2\/pages\/24","targetHints":{"allow":["GET"]}}],"collection":[{"href":"https:\/\/eventsland.ma\/index.php\/wp-json\/wp\/v2\/pages"}],"about":[{"href":"https:\/\/eventsland.ma\/index.php\/wp-json\/wp\/v2\/types\/page"}],"author":[{"embeddable":true,"href":"https:\/\/eventsland.ma\/index.php\/wp-json\/wp\/v2\/users\/1"}],"replies":[{"embeddable":true,"href":"https:\/\/eventsland.ma\/index.php\/wp-json\/wp\/v2\/comments?post=24"}],"version-history":[{"count":7,"href":"https:\/\/eventsland.ma\/index.php\/wp-json\/wp\/v2\/pages\/24\/revisions"}],"predecessor-version":[{"id":123,"href":"https:\/\/eventsland.ma\/index.php\/wp-json\/wp\/v2\/pages\/24\/revisions\/123"}],"wp:attachment":[{"href":"https:\/\/eventsland.ma\/index.php\/wp-json\/wp\/v2\/media?parent=24"}],"curies":[{"name":"wp","href":"https:\/\/api.w.org\/{rel}","templated":true}]}}