{"id":23,"date":"2026-02-19T20:31:46","date_gmt":"2026-02-19T19:31:46","guid":{"rendered":"https:\/\/eventsland.ma\/?page_id=23"},"modified":"2026-03-02T22:44:00","modified_gmt":"2026-03-02T21:44:00","slug":"nos-realisations","status":"publish","type":"page","link":"https:\/\/eventsland.ma\/index.php\/nos-realisations\/","title":{"rendered":"Nos R\u00e9alisations"},"content":{"rendered":"\n<h2 class=\"wp-block-heading has-text-align-center\">D\u00e9couvrez nos \u00e9v\u00e8nements en images<\/h2>\n\n\n\n<p class=\"has-text-align-center\"><strong>Congr\u00e8s, S\u00e9minaire, Salon, Exposition, Soir\u00e9e,<\/strong><\/p>\n\n\n\n<p class=\"has-text-align-center\"><strong>Am\u00e9nagement d\u2019espace \u00e9ph\u00e9m\u00e8re<\/strong>&nbsp;et de stands,&nbsp;<strong>D\u00e9coration<\/strong>\u2026<\/p>\n\n\n\n<p class=\"has-text-align-center\"><strong>Location de mobilier<\/strong>&nbsp;pour&nbsp;<strong>congr\u00e8s, salon, foire, concert, s\u00e9minaire, exposition<\/strong>\u2026nous vous proposons un grand choix pour tous les styles !<\/p>\n\n\n\n<p class=\"has-text-align-center\">Nous proposons de la&nbsp;<strong>location de mobilier<\/strong>,&nbsp;<strong>d\u00e9coration, structure sc\u00e9nique , tente strech\u2026<\/strong><\/p>\n\n\n\n<p><\/p>\n\n\n\n<figure class=\"wp-block-gallery has-nested-images columns-default is-cropped wp-block-gallery-1 is-layout-flex wp-block-gallery-is-layout-flex\">\n<figure class=\"wp-block-image size-large\"><img loading=\"lazy\" decoding=\"async\" width=\"960\" height=\"720\" data-id=\"81\" src=\"https:\/\/eventsland.ma\/wp-content\/uploads\/2026\/03\/51582921_1195924393907369_7561470038356525056_n-1.jpg\" alt=\"\" class=\"wp-image-81\" srcset=\"https:\/\/eventsland.ma\/wp-content\/uploads\/2026\/03\/51582921_1195924393907369_7561470038356525056_n-1.jpg 960w, https:\/\/eventsland.ma\/wp-content\/uploads\/2026\/03\/51582921_1195924393907369_7561470038356525056_n-1-300x225.jpg 300w, https:\/\/eventsland.ma\/wp-content\/uploads\/2026\/03\/51582921_1195924393907369_7561470038356525056_n-1-768x576.jpg 768w\" sizes=\"auto, (max-width: 960px) 100vw, 960px\" \/><\/figure>\n\n\n\n<figure class=\"wp-block-image size-large\"><img loading=\"lazy\" decoding=\"async\" width=\"960\" height=\"720\" data-id=\"82\" src=\"https:\/\/eventsland.ma\/wp-content\/uploads\/2026\/03\/51689131_1195924323907376_6139690117960302592_n.jpg\" alt=\"\" class=\"wp-image-82\" srcset=\"https:\/\/eventsland.ma\/wp-content\/uploads\/2026\/03\/51689131_1195924323907376_6139690117960302592_n.jpg 960w, https:\/\/eventsland.ma\/wp-content\/uploads\/2026\/03\/51689131_1195924323907376_6139690117960302592_n-300x225.jpg 300w, https:\/\/eventsland.ma\/wp-content\/uploads\/2026\/03\/51689131_1195924323907376_6139690117960302592_n-768x576.jpg 768w\" sizes=\"auto, (max-width: 960px) 100vw, 960px\" \/><\/figure>\n\n\n\n<figure class=\"wp-block-image size-large\"><img loading=\"lazy\" decoding=\"async\" width=\"960\" height=\"720\" data-id=\"83\" src=\"https:\/\/eventsland.ma\/wp-content\/uploads\/2026\/03\/51762758_1196168103882998_4718240819851558912_n.jpg\" alt=\"\" class=\"wp-image-83\" srcset=\"https:\/\/eventsland.ma\/wp-content\/uploads\/2026\/03\/51762758_1196168103882998_4718240819851558912_n.jpg 960w, https:\/\/eventsland.ma\/wp-content\/uploads\/2026\/03\/51762758_1196168103882998_4718240819851558912_n-300x225.jpg 300w, https:\/\/eventsland.ma\/wp-content\/uploads\/2026\/03\/51762758_1196168103882998_4718240819851558912_n-768x576.jpg 768w\" sizes=\"auto, (max-width: 960px) 100vw, 960px\" \/><\/figure>\n\n\n\n<figure class=\"wp-block-image size-large\"><img loading=\"lazy\" decoding=\"async\" width=\"960\" height=\"540\" data-id=\"84\" src=\"https:\/\/eventsland.ma\/wp-content\/uploads\/2026\/03\/52308120_1203022496530892_2356295809651179520_n.jpg\" alt=\"\" class=\"wp-image-84\" srcset=\"https:\/\/eventsland.ma\/wp-content\/uploads\/2026\/03\/52308120_1203022496530892_2356295809651179520_n.jpg 960w, https:\/\/eventsland.ma\/wp-content\/uploads\/2026\/03\/52308120_1203022496530892_2356295809651179520_n-300x169.jpg 300w, https:\/\/eventsland.ma\/wp-content\/uploads\/2026\/03\/52308120_1203022496530892_2356295809651179520_n-768x432.jpg 768w\" sizes=\"auto, (max-width: 960px) 100vw, 960px\" \/><\/figure>\n\n\n\n<figure class=\"wp-block-image size-large\"><img loading=\"lazy\" decoding=\"async\" width=\"960\" height=\"720\" data-id=\"85\" src=\"https:\/\/eventsland.ma\/wp-content\/uploads\/2026\/03\/54256480_1218014908364984_5447246565557141504_n.jpg\" alt=\"\" class=\"wp-image-85\" srcset=\"https:\/\/eventsland.ma\/wp-content\/uploads\/2026\/03\/54256480_1218014908364984_5447246565557141504_n.jpg 960w, https:\/\/eventsland.ma\/wp-content\/uploads\/2026\/03\/54256480_1218014908364984_5447246565557141504_n-300x225.jpg 300w, https:\/\/eventsland.ma\/wp-content\/uploads\/2026\/03\/54256480_1218014908364984_5447246565557141504_n-768x576.jpg 768w\" sizes=\"auto, (max-width: 960px) 100vw, 960px\" \/><\/figure>\n\n\n\n<figure class=\"wp-block-image size-large\"><img loading=\"lazy\" decoding=\"async\" width=\"960\" height=\"720\" data-id=\"86\" src=\"https:\/\/eventsland.ma\/wp-content\/uploads\/2026\/03\/78705059_1432643560235450_4621506628653416448_n.jpg\" alt=\"\" class=\"wp-image-86\" srcset=\"https:\/\/eventsland.ma\/wp-content\/uploads\/2026\/03\/78705059_1432643560235450_4621506628653416448_n.jpg 960w, https:\/\/eventsland.ma\/wp-content\/uploads\/2026\/03\/78705059_1432643560235450_4621506628653416448_n-300x225.jpg 300w, https:\/\/eventsland.ma\/wp-content\/uploads\/2026\/03\/78705059_1432643560235450_4621506628653416448_n-768x576.jpg 768w\" sizes=\"auto, (max-width: 960px) 100vw, 960px\" \/><\/figure>\n\n\n\n<figure class=\"wp-block-image size-large\"><img loading=\"lazy\" decoding=\"async\" width=\"1024\" height=\"1024\" data-id=\"90\" src=\"https:\/\/eventsland.ma\/wp-content\/uploads\/2026\/03\/478576225_2975221152644342_5812578349815799160_n-1024x1024.jpg\" alt=\"\" class=\"wp-image-90\" srcset=\"https:\/\/eventsland.ma\/wp-content\/uploads\/2026\/03\/478576225_2975221152644342_5812578349815799160_n-1024x1024.jpg 1024w, https:\/\/eventsland.ma\/wp-content\/uploads\/2026\/03\/478576225_2975221152644342_5812578349815799160_n-300x300.jpg 300w, https:\/\/eventsland.ma\/wp-content\/uploads\/2026\/03\/478576225_2975221152644342_5812578349815799160_n-150x150.jpg 150w, https:\/\/eventsland.ma\/wp-content\/uploads\/2026\/03\/478576225_2975221152644342_5812578349815799160_n-768x768.jpg 768w, https:\/\/eventsland.ma\/wp-content\/uploads\/2026\/03\/478576225_2975221152644342_5812578349815799160_n-1536x1536.jpg 1536w, https:\/\/eventsland.ma\/wp-content\/uploads\/2026\/03\/478576225_2975221152644342_5812578349815799160_n.jpg 2048w\" sizes=\"auto, (max-width: 1024px) 100vw, 1024px\" \/><\/figure>\n\n\n\n<figure class=\"wp-block-image size-large\"><img loading=\"lazy\" decoding=\"async\" width=\"1024\" height=\"576\" data-id=\"87\" src=\"https:\/\/eventsland.ma\/wp-content\/uploads\/2026\/03\/481070835_1024288442843654_2389600732292615677_n-1024x576.jpg\" alt=\"\" class=\"wp-image-87\" srcset=\"https:\/\/eventsland.ma\/wp-content\/uploads\/2026\/03\/481070835_1024288442843654_2389600732292615677_n-1024x576.jpg 1024w, https:\/\/eventsland.ma\/wp-content\/uploads\/2026\/03\/481070835_1024288442843654_2389600732292615677_n-300x169.jpg 300w, https:\/\/eventsland.ma\/wp-content\/uploads\/2026\/03\/481070835_1024288442843654_2389600732292615677_n-768x432.jpg 768w, https:\/\/eventsland.ma\/wp-content\/uploads\/2026\/03\/481070835_1024288442843654_2389600732292615677_n.jpg 1280w\" sizes=\"auto, (max-width: 1024px) 100vw, 1024px\" \/><\/figure>\n\n\n\n<figure class=\"wp-block-image size-large\"><img loading=\"lazy\" decoding=\"async\" width=\"1024\" height=\"1024\" data-id=\"89\" src=\"https:\/\/eventsland.ma\/wp-content\/uploads\/2026\/03\/481352615_2992837510882706_3412335287861019711_n-1024x1024.jpg\" alt=\"\" class=\"wp-image-89\" srcset=\"https:\/\/eventsland.ma\/wp-content\/uploads\/2026\/03\/481352615_2992837510882706_3412335287861019711_n-1024x1024.jpg 1024w, https:\/\/eventsland.ma\/wp-content\/uploads\/2026\/03\/481352615_2992837510882706_3412335287861019711_n-300x300.jpg 300w, https:\/\/eventsland.ma\/wp-content\/uploads\/2026\/03\/481352615_2992837510882706_3412335287861019711_n-150x150.jpg 150w, https:\/\/eventsland.ma\/wp-content\/uploads\/2026\/03\/481352615_2992837510882706_3412335287861019711_n-768x768.jpg 768w, https:\/\/eventsland.ma\/wp-content\/uploads\/2026\/03\/481352615_2992837510882706_3412335287861019711_n.jpg 1440w\" sizes=\"auto, (max-width: 1024px) 100vw, 1024px\" \/><\/figure>\n<\/figure>\n","protected":false},"excerpt":{"rendered":"<p>D\u00e9couvrez nos \u00e9v\u00e8nements en images Congr\u00e8s, S\u00e9minaire, Salon, Exposition, Soir\u00e9e, Am\u00e9nagement d\u2019espace \u00e9ph\u00e9m\u00e8re&nbsp;et de stands,&nbsp;D\u00e9coration\u2026 Location de mobilier&nbsp;pour&nbsp;congr\u00e8s, salon, foire, [&hellip;]<\/p>\n","protected":false},"author":1,"featured_media":0,"parent":0,"menu_order":0,"comment_status":"closed","ping_status":"closed","template":"","meta":{"site-sidebar-layout":"default","site-content-layout":"","ast-site-content-layout":"default","site-content-style":"default","site-sidebar-style":"default","ast-global-header-display":"","ast-banner-title-visibility":"","ast-main-header-display":"","ast-hfb-above-header-display":"","ast-hfb-below-header-display":"","ast-hfb-mobile-header-display":"","site-post-title":"","ast-breadcrumbs-content":"","ast-featured-img":"","footer-sml-layout":"","ast-disable-related-posts":"","theme-transparent-header-meta":"","adv-header-id-meta":"","stick-header-meta":"","header-above-stick-meta":"","header-main-stick-meta":"","header-below-stick-meta":"","astra-migrate-meta-layouts":"default","ast-page-background-enabled":"default","ast-page-background-meta":{"desktop":{"background-color":"var(--ast-global-color-5)","background-image":"","background-repeat":"repeat","background-position":"center center","background-size":"auto","background-attachment":"scroll","background-type":"","background-media":"","overlay-type":"","overlay-color":"","overlay-opacity":"","overlay-gradient":""},"tablet":{"background-color":"","background-image":"","background-repeat":"repeat","background-position":"center center","background-size":"auto","background-attachment":"scroll","background-type":"","background-media":"","overlay-type":"","overlay-color":"","overlay-opacity":"","overlay-gradient":""},"mobile":{"background-color":"","background-image":"","background-repeat":"repeat","background-position":"center center","background-size":"auto","background-attachment":"scroll","background-type":"","background-media":"","overlay-type":"","overlay-color":"","overlay-opacity":"","overlay-gradient":""}},"ast-content-background-meta":{"desktop":{"background-color":"var(--ast-global-color-4)","background-image":"","background-repeat":"repeat","background-position":"center center","background-size":"auto","background-attachment":"scroll","background-type":"","background-media":"","overlay-type":"","overlay-color":"","overlay-opacity":"","overlay-gradient":""},"tablet":{"background-color":"var(--ast-global-color-4)","background-image":"","background-repeat":"repeat","background-position":"center center","background-size":"auto","background-attachment":"scroll","background-type":"","background-media":"","overlay-type":"","overlay-color":"","overlay-opacity":"","overlay-gradient":""},"mobile":{"background-color":"var(--ast-global-color-4)","background-image":"","background-repeat":"repeat","background-position":"center center","background-size":"auto","background-attachment":"scroll","background-type":"","background-media":"","overlay-type":"","overlay-color":"","overlay-opacity":"","overlay-gradient":""}},"footnotes":""},"class_list":["post-23","page","type-page","status-publish","hentry"],"yoast_head":"<!-- This site is optimized with the Yoast SEO plugin v27.2 - https:\/\/yoast.com\/product\/yoast-seo-wordpress\/ -->\n<title>Nos R\u00e9alisations -<\/title>\n<meta name=\"robots\" content=\"index, follow, max-snippet:-1, max-image-preview:large, max-video-preview:-1\" \/>\n<link rel=\"canonical\" href=\"https:\/\/eventsland.ma\/index.php\/nos-realisations\/\" \/>\n<meta property=\"og:locale\" content=\"fr_FR\" \/>\n<meta property=\"og:type\" content=\"article\" \/>\n<meta property=\"og:title\" content=\"Nos R\u00e9alisations -\" \/>\n<meta property=\"og:description\" content=\"D\u00e9couvrez nos \u00e9v\u00e8nements en images Congr\u00e8s, S\u00e9minaire, Salon, Exposition, Soir\u00e9e, Am\u00e9nagement d\u2019espace \u00e9ph\u00e9m\u00e8re&nbsp;et de stands,&nbsp;D\u00e9coration\u2026 Location de mobilier&nbsp;pour&nbsp;congr\u00e8s, salon, foire, [&hellip;]\" \/>\n<meta property=\"og:url\" content=\"https:\/\/eventsland.ma\/index.php\/nos-realisations\/\" \/>\n<meta property=\"article:modified_time\" content=\"2026-03-02T21:44:00+00:00\" \/>\n<meta property=\"og:image\" content=\"https:\/\/eventsland.ma\/wp-content\/uploads\/2026\/03\/51582921_1195924393907369_7561470038356525056_n-1.jpg\" \/>\n\t<meta property=\"og:image:width\" content=\"960\" \/>\n\t<meta property=\"og:image:height\" content=\"720\" \/>\n\t<meta property=\"og:image:type\" content=\"image\/jpeg\" \/>\n<meta name=\"twitter:card\" content=\"summary_large_image\" \/>\n<meta name=\"twitter:label1\" content=\"Dur\u00e9e de lecture estim\u00e9e\" \/>\n\t<meta name=\"twitter:data1\" content=\"3 minutes\" \/>\n<script type=\"application\/ld+json\" class=\"yoast-schema-graph\">{\"@context\":\"https:\/\/schema.org\",\"@graph\":[{\"@type\":\"WebPage\",\"@id\":\"https:\/\/eventsland.ma\/index.php\/nos-realisations\/\",\"url\":\"https:\/\/eventsland.ma\/index.php\/nos-realisations\/\",\"name\":\"Nos R\u00e9alisations -\",\"isPartOf\":{\"@id\":\"https:\/\/eventsland.ma\/#website\"},\"primaryImageOfPage\":{\"@id\":\"https:\/\/eventsland.ma\/index.php\/nos-realisations\/#primaryimage\"},\"image\":{\"@id\":\"https:\/\/eventsland.ma\/index.php\/nos-realisations\/#primaryimage\"},\"thumbnailUrl\":\"https:\/\/eventsland.ma\/wp-content\/uploads\/2026\/03\/51582921_1195924393907369_7561470038356525056_n-1.jpg\",\"datePublished\":\"2026-02-19T19:31:46+00:00\",\"dateModified\":\"2026-03-02T21:44:00+00:00\",\"breadcrumb\":{\"@id\":\"https:\/\/eventsland.ma\/index.php\/nos-realisations\/#breadcrumb\"},\"inLanguage\":\"fr-FR\",\"potentialAction\":[{\"@type\":\"ReadAction\",\"target\":[\"https:\/\/eventsland.ma\/index.php\/nos-realisations\/\"]}]},{\"@type\":\"ImageObject\",\"inLanguage\":\"fr-FR\",\"@id\":\"https:\/\/eventsland.ma\/index.php\/nos-realisations\/#primaryimage\",\"url\":\"https:\/\/eventsland.ma\/wp-content\/uploads\/2026\/03\/51582921_1195924393907369_7561470038356525056_n-1.jpg\",\"contentUrl\":\"https:\/\/eventsland.ma\/wp-content\/uploads\/2026\/03\/51582921_1195924393907369_7561470038356525056_n-1.jpg\",\"width\":960,\"height\":720},{\"@type\":\"BreadcrumbList\",\"@id\":\"https:\/\/eventsland.ma\/index.php\/nos-realisations\/#breadcrumb\",\"itemListElement\":[{\"@type\":\"ListItem\",\"position\":1,\"name\":\"Accueil\",\"item\":\"https:\/\/eventsland.ma\/\"},{\"@type\":\"ListItem\",\"position\":2,\"name\":\"Nos R\u00e9alisations\"}]},{\"@type\":\"WebSite\",\"@id\":\"https:\/\/eventsland.ma\/#website\",\"url\":\"https:\/\/eventsland.ma\/\",\"name\":\"\",\"description\":\"Event&#039;s Land Agency\",\"potentialAction\":[{\"@type\":\"SearchAction\",\"target\":{\"@type\":\"EntryPoint\",\"urlTemplate\":\"https:\/\/eventsland.ma\/?s={search_term_string}\"},\"query-input\":{\"@type\":\"PropertyValueSpecification\",\"valueRequired\":true,\"valueName\":\"search_term_string\"}}],\"inLanguage\":\"fr-FR\"}]}<\/script>\n<!-- \/ Yoast SEO plugin. -->","yoast_head_json":{"title":"Nos R\u00e9alisations -","robots":{"index":"index","follow":"follow","max-snippet":"max-snippet:-1","max-image-preview":"max-image-preview:large","max-video-preview":"max-video-preview:-1"},"canonical":"https:\/\/eventsland.ma\/index.php\/nos-realisations\/","og_locale":"fr_FR","og_type":"article","og_title":"Nos R\u00e9alisations -","og_description":"D\u00e9couvrez nos \u00e9v\u00e8nements en images Congr\u00e8s, S\u00e9minaire, Salon, Exposition, Soir\u00e9e, Am\u00e9nagement d\u2019espace \u00e9ph\u00e9m\u00e8re&nbsp;et de stands,&nbsp;D\u00e9coration\u2026 Location de mobilier&nbsp;pour&nbsp;congr\u00e8s, salon, foire, [&hellip;]","og_url":"https:\/\/eventsland.ma\/index.php\/nos-realisations\/","article_modified_time":"2026-03-02T21:44:00+00:00","og_image":[{"width":960,"height":720,"url":"https:\/\/eventsland.ma\/wp-content\/uploads\/2026\/03\/51582921_1195924393907369_7561470038356525056_n-1.jpg","type":"image\/jpeg"}],"twitter_card":"summary_large_image","twitter_misc":{"Dur\u00e9e de lecture estim\u00e9e":"3 minutes"},"schema":{"@context":"https:\/\/schema.org","@graph":[{"@type":"WebPage","@id":"https:\/\/eventsland.ma\/index.php\/nos-realisations\/","url":"https:\/\/eventsland.ma\/index.php\/nos-realisations\/","name":"Nos R\u00e9alisations -","isPartOf":{"@id":"https:\/\/eventsland.ma\/#website"},"primaryImageOfPage":{"@id":"https:\/\/eventsland.ma\/index.php\/nos-realisations\/#primaryimage"},"image":{"@id":"https:\/\/eventsland.ma\/index.php\/nos-realisations\/#primaryimage"},"thumbnailUrl":"https:\/\/eventsland.ma\/wp-content\/uploads\/2026\/03\/51582921_1195924393907369_7561470038356525056_n-1.jpg","datePublished":"2026-02-19T19:31:46+00:00","dateModified":"2026-03-02T21:44:00+00:00","breadcrumb":{"@id":"https:\/\/eventsland.ma\/index.php\/nos-realisations\/#breadcrumb"},"inLanguage":"fr-FR","potentialAction":[{"@type":"ReadAction","target":["https:\/\/eventsland.ma\/index.php\/nos-realisations\/"]}]},{"@type":"ImageObject","inLanguage":"fr-FR","@id":"https:\/\/eventsland.ma\/index.php\/nos-realisations\/#primaryimage","url":"https:\/\/eventsland.ma\/wp-content\/uploads\/2026\/03\/51582921_1195924393907369_7561470038356525056_n-1.jpg","contentUrl":"https:\/\/eventsland.ma\/wp-content\/uploads\/2026\/03\/51582921_1195924393907369_7561470038356525056_n-1.jpg","width":960,"height":720},{"@type":"BreadcrumbList","@id":"https:\/\/eventsland.ma\/index.php\/nos-realisations\/#breadcrumb","itemListElement":[{"@type":"ListItem","position":1,"name":"Accueil","item":"https:\/\/eventsland.ma\/"},{"@type":"ListItem","position":2,"name":"Nos R\u00e9alisations"}]},{"@type":"WebSite","@id":"https:\/\/eventsland.ma\/#website","url":"https:\/\/eventsland.ma\/","name":"","description":"Event&#039;s Land Agency","potentialAction":[{"@type":"SearchAction","target":{"@type":"EntryPoint","urlTemplate":"https:\/\/eventsland.ma\/?s={search_term_string}"},"query-input":{"@type":"PropertyValueSpecification","valueRequired":true,"valueName":"search_term_string"}}],"inLanguage":"fr-FR"}]}},"_links":{"self":[{"href":"https:\/\/eventsland.ma\/index.php\/wp-json\/wp\/v2\/pages\/23","targetHints":{"allow":["GET"]}}],"collection":[{"href":"https:\/\/eventsland.ma\/index.php\/wp-json\/wp\/v2\/pages"}],"about":[{"href":"https:\/\/eventsland.ma\/index.php\/wp-json\/wp\/v2\/types\/page"}],"author":[{"embeddable":true,"href":"https:\/\/eventsland.ma\/index.php\/wp-json\/wp\/v2\/users\/1"}],"replies":[{"embeddable":true,"href":"https:\/\/eventsland.ma\/index.php\/wp-json\/wp\/v2\/comments?post=23"}],"version-history":[{"count":6,"href":"https:\/\/eventsland.ma\/index.php\/wp-json\/wp\/v2\/pages\/23\/revisions"}],"predecessor-version":[{"id":106,"href":"https:\/\/eventsland.ma\/index.php\/wp-json\/wp\/v2\/pages\/23\/revisions\/106"}],"wp:attachment":[{"href":"https:\/\/eventsland.ma\/index.php\/wp-json\/wp\/v2\/media?parent=23"}],"curies":[{"name":"wp","href":"https:\/\/api.w.org\/{rel}","templated":true}]}}