{"id":21,"date":"2026-02-19T20:31:46","date_gmt":"2026-02-19T19:31:46","guid":{"rendered":"https:\/\/eventsland.ma\/?page_id=21"},"modified":"2026-03-02T22:58:40","modified_gmt":"2026-03-02T21:58:40","slug":"lagence","status":"publish","type":"page","link":"https:\/\/eventsland.ma\/index.php\/lagence\/","title":{"rendered":"L&rsquo;Agence"},"content":{"rendered":"\n<p><\/p>\n\n\n\n<p><\/p>\n\n\n\n<p class=\"has-black-color has-text-color has-link-color has-medium-font-size wp-elements-63f856a33897fd70a63526f58bc22d08\"><strong><mark style=\"background-color:rgba(0, 0, 0, 0)\" class=\"has-inline-color has-ast-global-color-1-color\">Event\u2019s land <\/mark><\/strong>est n\u00e9e d\u2019un simple constat : nous ne sommes plus uniquement des consommateurs Mais aussi des publics. Le brand content a r\u00e9invent\u00e9 le discours de la marque.<\/p>\n\n\n\n<p class=\"has-medium-font-size\">Les cibles marketing \u00e9voluent pour devenir une audience \u00e0 qui il faut plaire et raconter une Histoire. Event\u2019s land a fait du contenu sa terre d\u2019\u00e9lection. Une mani\u00e8re ludique et innovante de Concevoir des messages plus audacieux et moins format\u00e9es.<\/p>\n\n\n\n<p class=\"has-medium-font-size\">Depuis longtemps nous avons choisi de privil\u00e9gier la qualit\u00e9 de nos approches \u00e9ditoriales et \u00e9v\u00e9nementielles. Apr\u00e8s avoir oeuvr\u00e9 pour notre propre compte nous avons d\u00e9cid\u00e9 de vous Accompagner dans la conception et la mise en \u0153uvre de vos \u00e9v\u00e9nements pour donner sens, Force et valeur \u00e0 vos actions.<\/p>\n\n\n\n<h3 class=\"wp-block-heading\">Notre expertise au service de vos \u00e9v\u00e9nements<\/h3>\n\n\n\n<p class=\"has-medium-font-size\">Depuis plus de 10 ans, <strong><strong><strong><mark style=\"background-color:rgba(0, 0, 0, 0)\" class=\"has-inline-color has-ast-global-color-1-color\">Event\u2019s land<\/mark><\/strong><\/strong><\/strong> s\u2019impose comme un acteur incontournable de l\u2019organisation \u00e9v\u00e9nementielle. Notre mission : vous offrir un accompagnement sur mesure pour sublimer chaque projet, en alliant cr\u00e9ativit\u00e9, design et inspiration.<\/p>\n\n\n\n<p class=\"has-medium-font-size\">Que vous soyez particulier ou professionnel, nous mettons \u00e0 votre disposition une large gamme de solutions en location : mobilier \u00e9l\u00e9gant, structures modulables, \u00e9quipements audiovisuels, \u00e9clairage et sonorisation performants.<\/p>\n\n\n\n<p class=\"has-medium-font-size\">Nous proposons \u00e9galement un \u00e9ventail complet de prestations pour r\u00e9pondre \u00e0 tous vos besoins : congr\u00e8s, s\u00e9minaires, salons, expositions, concerts, soir\u00e9es priv\u00e9es, am\u00e9nagement d\u2019espaces \u00e9ph\u00e9m\u00e8res, stands, d\u00e9coration et bien plus encore.<\/p>\n\n\n\n<p class=\"has-medium-font-size\">Dans un secteur en constante \u00e9volution, notre priorit\u00e9 est de vous apporter des solutions adapt\u00e9es \u00e0 vos envies et \u00e0 vos exigences. Vous ne trouvez pas un produit ou un service sur notre site ? <a href=\"https:\/\/eventsland.ma\/index.php\/contacte-nous\/\" type=\"link\" id=\"https:\/\/eventsland.ma\/index.php\/contacte-nous\/\">Contactez-nous<\/a> : nous mobiliserons les ressources n\u00e9cessaires pour concr\u00e9tiser votre demande.<\/p>\n\n\n\n<p class=\"has-medium-font-size\">Une \u00e9quipe \u00e0 vos c\u00f4t\u00e9s, partout au Maroc<\/p>\n\n\n\n<p class=\"has-medium-font-size\">De la conception \u00e0 l\u2019installation, notre \u00e9quipe de professionnels vous accompagne \u00e0 chaque \u00e9tape. Confiez-nous l\u2019organisation de votre \u00e9v\u00e9nement et laissez-vous porter par le savoir-faire et l\u2019expertise de <strong><strong><strong><mark style=\"background-color:rgba(0, 0, 0, 0)\" class=\"has-inline-color has-ast-global-color-1-color\">Event\u2019s land<\/mark><\/strong><\/strong><\/strong>, pour une exp\u00e9rience fluide, \u00e9l\u00e9gante et parfaitement orchestr\u00e9e.<\/p>\n","protected":false},"excerpt":{"rendered":"<p>Event\u2019s land est n\u00e9e d\u2019un simple constat : nous ne sommes plus uniquement des consommateurs Mais aussi des publics. Le [&hellip;]<\/p>\n","protected":false},"author":1,"featured_media":0,"parent":0,"menu_order":0,"comment_status":"closed","ping_status":"closed","template":"","meta":{"site-sidebar-layout":"default","site-content-layout":"","ast-site-content-layout":"default","site-content-style":"default","site-sidebar-style":"default","ast-global-header-display":"","ast-banner-title-visibility":"","ast-main-header-display":"","ast-hfb-above-header-display":"","ast-hfb-below-header-display":"","ast-hfb-mobile-header-display":"","site-post-title":"","ast-breadcrumbs-content":"","ast-featured-img":"","footer-sml-layout":"","ast-disable-related-posts":"","theme-transparent-header-meta":"","adv-header-id-meta":"","stick-header-meta":"","header-above-stick-meta":"","header-main-stick-meta":"","header-below-stick-meta":"","astra-migrate-meta-layouts":"default","ast-page-background-enabled":"default","ast-page-background-meta":{"desktop":{"background-color":"var(--ast-global-color-5)","background-image":"","background-repeat":"repeat","background-position":"center center","background-size":"auto","background-attachment":"scroll","background-type":"","background-media":"","overlay-type":"","overlay-color":"","overlay-opacity":"","overlay-gradient":""},"tablet":{"background-color":"","background-image":"","background-repeat":"repeat","background-position":"center center","background-size":"auto","background-attachment":"scroll","background-type":"","background-media":"","overlay-type":"","overlay-color":"","overlay-opacity":"","overlay-gradient":""},"mobile":{"background-color":"","background-image":"","background-repeat":"repeat","background-position":"center center","background-size":"auto","background-attachment":"scroll","background-type":"","background-media":"","overlay-type":"","overlay-color":"","overlay-opacity":"","overlay-gradient":""}},"ast-content-background-meta":{"desktop":{"background-color":"var(--ast-global-color-4)","background-image":"","background-repeat":"repeat","background-position":"center center","background-size":"auto","background-attachment":"scroll","background-type":"","background-media":"","overlay-type":"","overlay-color":"","overlay-opacity":"","overlay-gradient":""},"tablet":{"background-color":"var(--ast-global-color-4)","background-image":"","background-repeat":"repeat","background-position":"center center","background-size":"auto","background-attachment":"scroll","background-type":"","background-media":"","overlay-type":"","overlay-color":"","overlay-opacity":"","overlay-gradient":""},"mobile":{"background-color":"var(--ast-global-color-4)","background-image":"","background-repeat":"repeat","background-position":"center center","background-size":"auto","background-attachment":"scroll","background-type":"","background-media":"","overlay-type":"","overlay-color":"","overlay-opacity":"","overlay-gradient":""}},"footnotes":""},"class_list":["post-21","page","type-page","status-publish","hentry"],"yoast_head":"<!-- This site is optimized with the Yoast SEO plugin v27.2 - https:\/\/yoast.com\/product\/yoast-seo-wordpress\/ -->\n<title>L&#039;Agence -<\/title>\n<meta name=\"robots\" content=\"index, follow, max-snippet:-1, max-image-preview:large, max-video-preview:-1\" \/>\n<link rel=\"canonical\" href=\"https:\/\/eventsland.ma\/index.php\/lagence\/\" \/>\n<meta property=\"og:locale\" content=\"fr_FR\" \/>\n<meta property=\"og:type\" content=\"article\" \/>\n<meta property=\"og:title\" content=\"L&#039;Agence -\" \/>\n<meta property=\"og:description\" content=\"Event\u2019s land est n\u00e9e d\u2019un simple constat : nous ne sommes plus uniquement des consommateurs Mais aussi des publics. Le [&hellip;]\" \/>\n<meta property=\"og:url\" content=\"https:\/\/eventsland.ma\/index.php\/lagence\/\" \/>\n<meta property=\"article:modified_time\" content=\"2026-03-02T21:58:40+00:00\" \/>\n<meta name=\"twitter:card\" content=\"summary_large_image\" \/>\n<meta name=\"twitter:label1\" content=\"Dur\u00e9e de lecture estim\u00e9e\" \/>\n\t<meta name=\"twitter:data1\" content=\"2 minutes\" \/>\n<script type=\"application\/ld+json\" class=\"yoast-schema-graph\">{\"@context\":\"https:\/\/schema.org\",\"@graph\":[{\"@type\":\"WebPage\",\"@id\":\"https:\/\/eventsland.ma\/index.php\/lagence\/\",\"url\":\"https:\/\/eventsland.ma\/index.php\/lagence\/\",\"name\":\"L'Agence -\",\"isPartOf\":{\"@id\":\"https:\/\/eventsland.ma\/#website\"},\"datePublished\":\"2026-02-19T19:31:46+00:00\",\"dateModified\":\"2026-03-02T21:58:40+00:00\",\"breadcrumb\":{\"@id\":\"https:\/\/eventsland.ma\/index.php\/lagence\/#breadcrumb\"},\"inLanguage\":\"fr-FR\",\"potentialAction\":[{\"@type\":\"ReadAction\",\"target\":[\"https:\/\/eventsland.ma\/index.php\/lagence\/\"]}]},{\"@type\":\"BreadcrumbList\",\"@id\":\"https:\/\/eventsland.ma\/index.php\/lagence\/#breadcrumb\",\"itemListElement\":[{\"@type\":\"ListItem\",\"position\":1,\"name\":\"Accueil\",\"item\":\"https:\/\/eventsland.ma\/\"},{\"@type\":\"ListItem\",\"position\":2,\"name\":\"L&rsquo;Agence\"}]},{\"@type\":\"WebSite\",\"@id\":\"https:\/\/eventsland.ma\/#website\",\"url\":\"https:\/\/eventsland.ma\/\",\"name\":\"\",\"description\":\"Event&#039;s Land Agency\",\"potentialAction\":[{\"@type\":\"SearchAction\",\"target\":{\"@type\":\"EntryPoint\",\"urlTemplate\":\"https:\/\/eventsland.ma\/?s={search_term_string}\"},\"query-input\":{\"@type\":\"PropertyValueSpecification\",\"valueRequired\":true,\"valueName\":\"search_term_string\"}}],\"inLanguage\":\"fr-FR\"}]}<\/script>\n<!-- \/ Yoast SEO plugin. -->","yoast_head_json":{"title":"L'Agence -","robots":{"index":"index","follow":"follow","max-snippet":"max-snippet:-1","max-image-preview":"max-image-preview:large","max-video-preview":"max-video-preview:-1"},"canonical":"https:\/\/eventsland.ma\/index.php\/lagence\/","og_locale":"fr_FR","og_type":"article","og_title":"L'Agence -","og_description":"Event\u2019s land est n\u00e9e d\u2019un simple constat : nous ne sommes plus uniquement des consommateurs Mais aussi des publics. Le [&hellip;]","og_url":"https:\/\/eventsland.ma\/index.php\/lagence\/","article_modified_time":"2026-03-02T21:58:40+00:00","twitter_card":"summary_large_image","twitter_misc":{"Dur\u00e9e de lecture estim\u00e9e":"2 minutes"},"schema":{"@context":"https:\/\/schema.org","@graph":[{"@type":"WebPage","@id":"https:\/\/eventsland.ma\/index.php\/lagence\/","url":"https:\/\/eventsland.ma\/index.php\/lagence\/","name":"L'Agence -","isPartOf":{"@id":"https:\/\/eventsland.ma\/#website"},"datePublished":"2026-02-19T19:31:46+00:00","dateModified":"2026-03-02T21:58:40+00:00","breadcrumb":{"@id":"https:\/\/eventsland.ma\/index.php\/lagence\/#breadcrumb"},"inLanguage":"fr-FR","potentialAction":[{"@type":"ReadAction","target":["https:\/\/eventsland.ma\/index.php\/lagence\/"]}]},{"@type":"BreadcrumbList","@id":"https:\/\/eventsland.ma\/index.php\/lagence\/#breadcrumb","itemListElement":[{"@type":"ListItem","position":1,"name":"Accueil","item":"https:\/\/eventsland.ma\/"},{"@type":"ListItem","position":2,"name":"L&rsquo;Agence"}]},{"@type":"WebSite","@id":"https:\/\/eventsland.ma\/#website","url":"https:\/\/eventsland.ma\/","name":"","description":"Event&#039;s Land Agency","potentialAction":[{"@type":"SearchAction","target":{"@type":"EntryPoint","urlTemplate":"https:\/\/eventsland.ma\/?s={search_term_string}"},"query-input":{"@type":"PropertyValueSpecification","valueRequired":true,"valueName":"search_term_string"}}],"inLanguage":"fr-FR"}]}},"_links":{"self":[{"href":"https:\/\/eventsland.ma\/index.php\/wp-json\/wp\/v2\/pages\/21","targetHints":{"allow":["GET"]}}],"collection":[{"href":"https:\/\/eventsland.ma\/index.php\/wp-json\/wp\/v2\/pages"}],"about":[{"href":"https:\/\/eventsland.ma\/index.php\/wp-json\/wp\/v2\/types\/page"}],"author":[{"embeddable":true,"href":"https:\/\/eventsland.ma\/index.php\/wp-json\/wp\/v2\/users\/1"}],"replies":[{"embeddable":true,"href":"https:\/\/eventsland.ma\/index.php\/wp-json\/wp\/v2\/comments?post=21"}],"version-history":[{"count":10,"href":"https:\/\/eventsland.ma\/index.php\/wp-json\/wp\/v2\/pages\/21\/revisions"}],"predecessor-version":[{"id":117,"href":"https:\/\/eventsland.ma\/index.php\/wp-json\/wp\/v2\/pages\/21\/revisions\/117"}],"wp:attachment":[{"href":"https:\/\/eventsland.ma\/index.php\/wp-json\/wp\/v2\/media?parent=21"}],"curies":[{"name":"wp","href":"https:\/\/api.w.org\/{rel}","templated":true}]}}